{"id":213,"date":"2012-11-30T11:13:22","date_gmt":"2012-11-30T11:13:22","guid":{"rendered":"http:\/\/ekosu.com\/?page_id=213"},"modified":"2025-07-02T07:21:56","modified_gmt":"2025-07-02T07:21:56","slug":"evsel-urunler","status":"publish","type":"page","link":"https:\/\/ekosu.com\/?page_id=213","title":{"rendered":"Evsel \u00dcr\u00fcnler"},"content":{"rendered":"<p style=\"text-align: justify;\">Aparatlar olu\u015fturduklar\u0131 manyetik alan ile sudaki kire\u00e7 kristallerinin fiziksel yap\u0131s\u0131n\u0131 de\u011fi\u015ftirerek, i\u011fne u\u00e7lu, boru cidarlar\u0131, makine par\u00e7alar\u0131 ve t\u00fcm di\u011fer y\u00fczeylere tutunma \u00f6zelli\u011fi olan kalsit kristallerini, k\u00fcresel, y\u00fczeylere tutunamayan, zarars\u0131z aragonit kristallerine d\u00f6n\u00fc\u015ft\u00fcr\u00fcr. Bu sayede borular\u0131n\u0131z ve makineleriniz kire\u00e7 kaynakl\u0131 t\u0131kanma ve ar\u0131zalardan korunur, kire\u00e7 tabakas\u0131 nedeniyle ya\u015fanan \u0131s\u0131 kay\u0131plar\u0131 ortadan kalkaca\u011f\u0131 i\u00e7in makinelerde elektrik, \u0131s\u0131nma sisteminizde ise yak\u0131t tasarrufu sa\u011flan\u0131r. \u00c7ama\u015f\u0131rlar\u0131n\u0131zda grile\u015fme ve sertle\u015fme, bula\u015f\u0131klarda bulan\u0131kl\u0131k ve su lekeleri olu\u015fmaz. Deterjan, yumu\u015fat\u0131c\u0131, parlat\u0131c\u0131 gibi kimyasallar\u0131 \u00e7ok daha az kullanarak daha iyi temizlik sa\u011flayabilirsiniz. Kire\u00e7 \u00f6nleyici kimyasal kullanman\u0131za ise gerek kalmaz. Banyo s\u0131ras\u0131nda sa\u00e7\u0131n\u0131zda olu\u015fan ke\u00e7ele\u015fme, cildinizdeki kuruma ve \u00e7atlaklar kaybolur. Daha az sabun ve \u015fampuan\u0131n eskisinden daha fazla k\u00f6p\u00fcrd\u00fc\u011f\u00fcn\u00fc hissedebilirsiniz.<\/p>\n<p style=\"text-align: justify;\">A\u015fa\u011f\u0131da kullan\u0131m noktalar\u0131na g\u00f6re \u00fcr\u00fcnlerimiz listelenmi\u015f ve detayland\u0131r\u0131lm\u0131\u015ft\u0131r.<\/p>\n<p>&nbsp;<\/p>\n<p><strong>EKOSU 203 &#8211; MAK\u0130NE T\u0130P MANYET\u0130K K\u0130RE\u00c7 \u00d6NLEY\u0130C\u0130 APARAT<\/strong><\/p>\n<p style=\"text-align: justify;\"><a href=\"http:\/\/ekosu.com\/wp-content\/uploads\/2012\/11\/1000101551-3.jpg\"><img loading=\"lazy\" decoding=\"async\" class=\"size-medium wp-image-631 alignleft\" title=\"1000101551-3\" src=\"http:\/\/ekosu.com\/wp-content\/uploads\/2012\/11\/1000101551-3-300x179.jpg\" alt=\"\" width=\"300\" height=\"179\" srcset=\"https:\/\/ekosu.com\/wp-content\/uploads\/2012\/11\/1000101551-3-300x179.jpg 300w, https:\/\/ekosu.com\/wp-content\/uploads\/2012\/11\/1000101551-3-1024x613.jpg 1024w, https:\/\/ekosu.com\/wp-content\/uploads\/2012\/11\/1000101551-3-250x149.jpg 250w\" sizes=\"auto, (max-width: 300px) 100vw, 300px\" \/><\/a><\/p>\n<p>&nbsp;<\/p>\n<p>1\/2&#8243; \u00e7aptaki borular i\u00e7in standart \u00fcr\u00fcnd\u00fcr. \u00c7ama\u015f\u0131r, bula\u015f\u0131k makinesi, termosifon, \u015fofben, kombi gibi cihazlar\u0131n su giri\u015f borular\u0131na d\u0131\u015ftan alet ve ustal\u0131k gerekmeksizin 2 dakikada monte edilir.<\/p>\n<p>Fiyat\u0131: 799 TL \u00a0<a href=\"https:\/\/ekoyasam.com\/7-konutlar-icin-ekosu\"> \u00a0 \u00a0\u00a0<span style=\"text-decoration: underline;\"><span style=\"color: #0000ff;\"><strong><span style=\"color: #0000ff; text-decoration: underline;\">Sat\u0131n Al<\/span><\/strong><\/span><\/span><\/a><\/p>\n<p>&nbsp;<\/p>\n<p>&nbsp;<\/p>\n<p>&nbsp;<\/p>\n<p><strong>EKOSU SKC2 &#8211; V\u0130LLA T\u0130P MANYET\u0130K K\u0130RE\u00c7 \u00d6NLEY\u0130C\u0130 APARAT<\/strong><\/p>\n<p><a href=\"http:\/\/ekosu.com\/wp-content\/uploads\/2012\/11\/1000101549-1.jpg\"><img loading=\"lazy\" decoding=\"async\" class=\"size-medium wp-image-627 alignleft\" title=\"1000101549-1\" src=\"http:\/\/ekosu.com\/wp-content\/uploads\/2012\/11\/1000101549-1-300x152.jpg\" alt=\"\" width=\"300\" height=\"152\" srcset=\"https:\/\/ekosu.com\/wp-content\/uploads\/2012\/11\/1000101549-1-300x152.jpg 300w, https:\/\/ekosu.com\/wp-content\/uploads\/2012\/11\/1000101549-1-1024x520.jpg 1024w, https:\/\/ekosu.com\/wp-content\/uploads\/2012\/11\/1000101549-1-250x127.jpg 250w\" sizes=\"auto, (max-width: 300px) 100vw, 300px\" \/><\/a><\/p>\n<p>&nbsp;<\/p>\n<p>1\/2&#8243;- 3\/4&#8243; &#8211; 1&#8243; \u00e7aptaki borulara uygun ayarlanabilir tasar\u0131ml\u0131 aparat.\u00a0Villa veya m\u00fcstakil evinizin ana su giri\u015finde, su sayac\u0131ndan \u00f6nce veya sonra, uygun bir noktada boru \u00fczerine, d\u0131\u015ftan alet ve ustal\u0131k gerekmeksizin 2 dakikada monte edilir.<\/p>\n<p>Fiyat\u0131: 1999 TL \u00a0 \u00a0<a href=\"https:\/\/ekoyasam.com\/7-konutlar-icin-ekosu\"> \u00a0\u00a0<span style=\"text-decoration: underline; color: #0000ff;\"><strong><span style=\"color: #0000ff; text-decoration: underline;\">Sat\u0131n Al<\/span><\/strong><\/span><\/a><br \/>\n<strong><\/strong><\/p>\n<p>&nbsp;<\/p>\n<p>&nbsp;<\/p>\n<p><strong>Aparatlar boru \u00fczerine monte edildi\u011finde a\u015fa\u011f\u0131daki gibi g\u00f6r\u00fcn\u00fcr.<\/strong><\/p>\n<p>&nbsp;<\/p>\n<p><a href=\"http:\/\/ekosu.com\/wp-content\/uploads\/2012\/11\/6.jpg\"><img loading=\"lazy\" decoding=\"async\" style=\"border: 1px solid black;\" title=\"ekosu203\" src=\"http:\/\/ekosu.com\/wp-content\/uploads\/2012\/11\/ekosu203-150x150.jpg\" alt=\"\" width=\"150\" height=\"150\" \/><\/a>    <a href=\"http:\/\/ekosu.com\/wp-content\/uploads\/2012\/11\/6.jpg\"><img loading=\"lazy\" decoding=\"async\" style=\"border: 1px solid black;\" title=\"6\" src=\"http:\/\/ekosu.com\/wp-content\/uploads\/2012\/11\/6-300x225.jpg\" alt=\"\" width=\"197\" height=\"149\" \/><\/a><\/p>\n<div>\u00a0 \u00a0 \u00a0 \u00a0 \u00a0 \u00a0 \u00a0 \u00a0Makine Tip\u00a0 \u00a0 \u00a0 \u00a0 \u00a0 \u00a0 \u00a0 \u00a0 \u00a0 \u00a0 \u00a0 \u00a0 \u00a0 \u00a0 \u00a0 \u00a0Villa Tip<\/div>\n<div>\n<p>&nbsp;<\/p>\n<p><strong>Faydalar\u0131;<\/strong><\/p>\n<p>&#8211; Tesisat\u0131n\u0131z\u0131 kire\u00e7ten ve t\u0131kanmalardan korur.<br \/>\n&#8211; Makinelerinizi kire\u00e7 kaynakl\u0131 ar\u0131zalardan korur.<br \/>\n&#8211; Elektrik ve yak\u0131t tasarrufu sa\u011flar.<br \/>\n&#8211; Suyunuzun temizleme \u00f6zelli\u011fini art\u0131r\u0131r.<br \/>\n&#8211; Kire\u00e7 \u00f6nleyici kimyasal kullan\u0131m\u0131n\u0131 tamamen ortadan kald\u0131r\u0131r.<br \/>\n&#8211; Deterjan, yumu\u015fat\u0131c\u0131, parlat\u0131c\u0131, sabun, \u015fampuan gibi temizlik malzemelerinden tasarruf sa\u011flar.<br \/>\n&#8211; Sudaki mineral \u00e7\u00f6z\u00fcn\u00fcrl\u00fc\u011f\u00fcn\u00fc art\u0131r\u0131r.<\/p>\n<p><strong>Avantajlar\u0131;\u00a0<\/strong><\/p>\n<p>&#8211; Tesisatta veya ekipmanda hi\u00e7bir tadilat gerektirmeden monte edilir.<br \/>\n&#8211; Alet ve ustal\u0131k gerektirmeden, herkes taraf\u0131ndan 2 dakika i\u00e7erisinde monte edilebilir.<br \/>\n&#8211; Bak\u0131m, onar\u0131m, takviye gerektirmez.<br \/>\n&#8211; Elektrik ve kimyasal sarfetmez.<br \/>\n&#8211; Kullan\u0131m \u00f6mr\u00fc s\u0131n\u0131rs\u0131zd\u0131r.<br \/>\n&#8211; Nakledilebilir, tekrar tekrar monte edilebilir.<br \/>\n&#8211; Suyun ge\u00e7ti\u011fi her yerde kullan\u0131labilir.<br \/>\n&#8211; Fiyatlar\u0131 \u00e7ok uygundur ve \u00f6dedi\u011finiz bedeli k\u0131sa s\u00fcrede geri kazand\u0131r\u0131r.<\/p>\n<\/div>\n<div><\/div>\n","protected":false},"excerpt":{"rendered":"<p>Aparatlar olu\u015fturduklar\u0131 manyetik alan ile sudaki kire\u00e7 kristallerinin fiziksel yap\u0131s\u0131n\u0131 de\u011fi\u015ftirerek, i\u011fne u\u00e7lu, boru cidarlar\u0131, makine par\u00e7alar\u0131 ve t\u00fcm di\u011fer y\u00fczeylere tutunma \u00f6zelli\u011fi olan kalsit kristallerini, k\u00fcresel, y\u00fczeylere tutunamayan, zarars\u0131z aragonit kristallerine d\u00f6n\u00fc\u015ft\u00fcr\u00fcr. Bu sayede borular\u0131n\u0131z ve makineleriniz kire\u00e7 kaynakl\u0131 t\u0131kanma ve ar\u0131zalardan korunur, kire\u00e7 tabakas\u0131 nedeniyle ya\u015fanan \u0131s\u0131 kay\u0131plar\u0131 ortadan kalkaca\u011f\u0131 i\u00e7in makinelerde elektrik, [&hellip;]<\/p>\n","protected":false},"author":1,"featured_media":0,"parent":0,"menu_order":0,"comment_status":"closed","ping_status":"closed","template":"","meta":{"footnotes":""},"class_list":["post-213","page","type-page","status-publish","hentry"],"_links":{"self":[{"href":"https:\/\/ekosu.com\/index.php?rest_route=\/wp\/v2\/pages\/213","targetHints":{"allow":["GET"]}}],"collection":[{"href":"https:\/\/ekosu.com\/index.php?rest_route=\/wp\/v2\/pages"}],"about":[{"href":"https:\/\/ekosu.com\/index.php?rest_route=\/wp\/v2\/types\/page"}],"author":[{"embeddable":true,"href":"https:\/\/ekosu.com\/index.php?rest_route=\/wp\/v2\/users\/1"}],"replies":[{"embeddable":true,"href":"https:\/\/ekosu.com\/index.php?rest_route=%2Fwp%2Fv2%2Fcomments&post=213"}],"version-history":[{"count":133,"href":"https:\/\/ekosu.com\/index.php?rest_route=\/wp\/v2\/pages\/213\/revisions"}],"predecessor-version":[{"id":1084,"href":"https:\/\/ekosu.com\/index.php?rest_route=\/wp\/v2\/pages\/213\/revisions\/1084"}],"wp:attachment":[{"href":"https:\/\/ekosu.com\/index.php?rest_route=%2Fwp%2Fv2%2Fmedia&parent=213"}],"curies":[{"name":"wp","href":"https:\/\/api.w.org\/{rel}","templated":true}]}}