{"id":394,"date":"2012-12-04T12:11:12","date_gmt":"2012-12-04T12:11:12","guid":{"rendered":"http:\/\/ekosu.com\/?page_id=394"},"modified":"2020-02-03T08:49:04","modified_gmt":"2020-02-03T08:49:04","slug":"hakkimizda","status":"publish","type":"page","link":"https:\/\/ekosu.com\/?page_id=394","title":{"rendered":"Hakk\u0131m\u0131zda"},"content":{"rendered":"<p style=\"text-align: justify;\">EKOSU manyetik kire\u00e7 \u00f6nleyici aparatlar, 2000 y\u0131l\u0131nda, AKAYLAR GRUP b\u00fcnyesinde faaliyet g\u00f6steren PAMOSA A.\u015e. taraf\u0131ndan \u00fcretilmeye ve sat\u0131lmaya ba\u015flanm\u0131\u015ft\u0131r. 01.12.2012 itibariyle \u015firketimiz PAMOSA A.\u015e. grubumuzun ana \u015firketi olan AKAYLAR A.\u015e. ile birle\u015ferek faaliyetine devam etmektedir.<\/p>\n<p style=\"text-align: justify;\">AKAYLAR, 1944 y\u0131l\u0131nda ticaret hayat\u0131na konfeksiyon alan\u0131nda ba\u015flam\u0131\u015f ve k\u0131sa zamanda AKAYLAR OKUL \u00d6NL\u00dcKLER\u0130 markas\u0131 ile sekt\u00f6r\u00fcn en b\u00fcy\u00fck \u00fcreticilerinden ve en tan\u0131nm\u0131\u015f markalar\u0131ndan olmu\u015ftur. Halen AKAYLAR G\u0130Y\u0130M SAN. VE YAPI TASARIMLARI A.\u015e. \u00fcnvan\u0131yla k\u00f6kl\u00fc marka ge\u00e7mi\u015finin devaml\u0131l\u0131\u011f\u0131n\u0131 sa\u011flamakla birlikte yap\u0131-in\u015faat-dekorasyon-gayr\u0131menkul yat\u0131r\u0131mc\u0131l\u0131\u011f\u0131 alanlar\u0131nda, d\u00fcnyan\u0131n tan\u0131nm\u0131\u015f markalar\u0131 BORLA (U.S.A.), TUBI (ITA) ve MILLTEK (GB) firmalar\u0131n\u0131n T\u00fcrkiye distrib\u00fct\u00f6rl\u00fckleri ile\u00a0otomotiv sekt\u00f6r\u00fcnde ve \u00e7e\u015fitli noktalardaki faaliyetleriyle hizmet sekt\u00f6r\u00fcnde ticari hayat\u0131na devam etmektedir.<\/p>\n<p style=\"text-align: justify;\">Grubumuz b\u00fcnyesindeki di\u011fer faaliyetlerle ilgili detayl\u0131 bilgi i\u00e7in ilgili web sitelerini ziyaret edebilirsiniz;<\/p>\n<p style=\"text-align: left;\"><a title=\"AKAYLAR OKUL FORMALARI\" href=\"http:\/\/www.akaylar.com.tr\" target=\"_blank\">www.akaylar.com.tr<\/a><br \/>\n<a href=\"http:\/\/www.beyazyakaevleri.com\" target=\"_blank\">www.beyazyakaevleri.com<\/a><br \/>\n<a title=\"SOM ENERJ\u0130\" href=\"http:\/\/www.somenerji.com.tr\" target=\"_blank\">www.yeniyolvillalari.com<\/a><br \/>\n<a title=\"EKOSU MANYET\u0130K K\u0130RE\u00c7 \u00d6NLEY\u0130C\u0130 APARATLAR\" href=\"http:\/\/www.ekosu.com\" target=\"_blank\">www.ekosu.com<\/a><br \/>\n<a href=\"http:\/\/www.ekoyasam.com\" target=\"_blank\">www.ekoyasam.com<br \/>\n<\/a><a href=\"http:\/\/www.garajj.tv\" target=\"_blank\">www.borlaegzoz.com<\/a><\/p>\n<p style=\"text-align: justify;\">\n","protected":false},"excerpt":{"rendered":"<p>EKOSU manyetik kire\u00e7 \u00f6nleyici aparatlar, 2000 y\u0131l\u0131nda, AKAYLAR GRUP b\u00fcnyesinde faaliyet g\u00f6steren PAMOSA A.\u015e. taraf\u0131ndan \u00fcretilmeye ve sat\u0131lmaya ba\u015flanm\u0131\u015ft\u0131r. 01.12.2012 itibariyle \u015firketimiz PAMOSA A.\u015e. grubumuzun ana \u015firketi olan AKAYLAR A.\u015e. ile birle\u015ferek faaliyetine devam etmektedir. AKAYLAR, 1944 y\u0131l\u0131nda ticaret hayat\u0131na konfeksiyon alan\u0131nda ba\u015flam\u0131\u015f ve k\u0131sa zamanda AKAYLAR OKUL \u00d6NL\u00dcKLER\u0130 markas\u0131 ile sekt\u00f6r\u00fcn en b\u00fcy\u00fck \u00fcreticilerinden [&hellip;]<\/p>\n","protected":false},"author":1,"featured_media":0,"parent":0,"menu_order":0,"comment_status":"closed","ping_status":"closed","template":"","meta":{"footnotes":""},"class_list":["post-394","page","type-page","status-publish","hentry"],"_links":{"self":[{"href":"https:\/\/ekosu.com\/index.php?rest_route=\/wp\/v2\/pages\/394","targetHints":{"allow":["GET"]}}],"collection":[{"href":"https:\/\/ekosu.com\/index.php?rest_route=\/wp\/v2\/pages"}],"about":[{"href":"https:\/\/ekosu.com\/index.php?rest_route=\/wp\/v2\/types\/page"}],"author":[{"embeddable":true,"href":"https:\/\/ekosu.com\/index.php?rest_route=\/wp\/v2\/users\/1"}],"replies":[{"embeddable":true,"href":"https:\/\/ekosu.com\/index.php?rest_route=%2Fwp%2Fv2%2Fcomments&post=394"}],"version-history":[{"count":17,"href":"https:\/\/ekosu.com\/index.php?rest_route=\/wp\/v2\/pages\/394\/revisions"}],"predecessor-version":[{"id":573,"href":"https:\/\/ekosu.com\/index.php?rest_route=\/wp\/v2\/pages\/394\/revisions\/573"}],"wp:attachment":[{"href":"https:\/\/ekosu.com\/index.php?rest_route=%2Fwp%2Fv2%2Fmedia&parent=394"}],"curies":[{"name":"wp","href":"https:\/\/api.w.org\/{rel}","templated":true}]}}